{"id":2092,"date":"2026-02-07T16:56:46","date_gmt":"2026-02-07T15:56:46","guid":{"rendered":"https:\/\/dpd.ma\/feuille-de-route\/"},"modified":"2026-05-12T17:27:43","modified_gmt":"2026-05-12T16:27:43","slug":"feuille-de-route","status":"publish","type":"page","link":"https:\/\/dpd.ma\/fr\/feuille-de-route\/","title":{"rendered":"Feuille de route"},"content":{"rendered":"\t\t<div data-elementor-type=\"wp-page\" data-elementor-id=\"2092\" class=\"elementor elementor-2092 elementor-907\" data-elementor-post-type=\"page\">\n\t\t\t\t<div class=\"elementor-element elementor-element-12775d9 e-con-full e-flex e-con e-parent\" data-id=\"12775d9\" data-element_type=\"container\" data-e-type=\"container\">\n\t\t\t\t<div class=\"elementor-element elementor-element-a6fc1bd elementor-widget elementor-widget-html\" data-id=\"a6fc1bd\" data-element_type=\"widget\" data-e-type=\"widget\" data-widget_type=\"html.default\">\n\t\t\t\t\t<section class=\"dpd-roadmap-section\" id=\"dpd-roadmap\">\r\n  <div class=\"dpd-roadmap-container\">\r\n\r\n    <header class=\"dpd-roadmap-header\">\r\n      <div class=\"dpd-roadmap-header-badge\">Feuille de route produit<\/div>\r\n      <h2>Feuille de route <span class=\"dpd-brand\">DPD<\/span> Trust<\/h2>\r\n      <p class=\"dpd-roadmap-lead\">\r\n        Une feuille de route pratique pour construire une infrastructure fiable de pr\u00e9vention de la fraude destin\u00e9e aux marchands e-commerce, en commen\u00e7ant par des outils op\u00e9rationnels solides, des int\u00e9grations fiables et une intelligence du risque \u00e9volutive.\r\n      <\/p>\r\n      <p class=\"dpd-roadmap-note\">\r\n        Cette feuille de route refl\u00e8te l\u2019orientation et les priorit\u00e9s actuelles. Les d\u00e9lais et le p\u00e9rim\u00e8tre peuvent \u00e9voluer selon les retours des marchands, les besoins d\u2019infrastructure et les apprentissages produit.\r\n      <\/p>\r\n    <\/header>\r\n\r\n    <div class=\"dpd-roadmap-timeline\">\r\n\r\n      <!-- 2026 -->\r\n      <section class=\"dpd-roadmap-year\">\r\n        <div class=\"dpd-roadmap-year-side\">\r\n          <span class=\"dpd-roadmap-year-label\">2026<\/span>\r\n          <h3>Lancement et validation<\/h3>\r\n          <p>\r\n            Construire la plateforme centrale, int\u00e9grer les premiers marchands et valider la valeur r\u00e9elle de r\u00e9duction de la fraude dans des op\u00e9rations en conditions r\u00e9elles.\r\n          <\/p>\r\n        <\/div>\r\n\r\n        <div class=\"dpd-roadmap-year-main\">\r\n          <div class=\"dpd-roadmap-quarter-grid quarter-grid-3\">\r\n\r\n            <article class=\"dpd-roadmap-card is-active\">\r\n              <div class=\"dpd-roadmap-card-top\">\r\n                <span class=\"dpd-roadmap-quarter\">Q2<\/span>\r\n                <span class=\"dpd-roadmap-status is-current\">Priorit\u00e9 actuelle<\/span>\r\n              <\/div>\r\n              <h4>Fondation et MVP<\/h4>\r\n              <ul>\r\n                <li>Lancer le scoring de risque bas\u00e9 sur le t\u00e9l\u00e9phone v1<\/li>\r\n                <li>Finaliser l\u2019exp\u00e9rience centrale du tableau de bord marchand<\/li>\r\n                <li>Finaliser la premi\u00e8re version du plugin WooCommerce<\/li>\r\n                <li>Stabiliser la recherche API et les contr\u00f4les d\u2019utilisation<\/li>\r\n                <li>D\u00e9ployer les syst\u00e8mes d\u2019e-mails, de journalisation et de protection contre les abus<\/li>\r\n              <\/ul>\r\n            <\/article>\r\n\r\n            <article class=\"dpd-roadmap-card\">\r\n              <div class=\"dpd-roadmap-card-top\">\r\n                <span class=\"dpd-roadmap-quarter\">Q3<\/span>\r\n                <span class=\"dpd-roadmap-status\">Pr\u00e9vu<\/span>\r\n              <\/div>\r\n              <h4>Boucle de retour des marchands<\/h4>\r\n              <ul>\r\n                <li>Ajouter des outils de retour sur les r\u00e9sultats de fraude des marchands<\/li>\r\n                <li>Lancer la chronologie du risque et la vue de l\u2019historique du t\u00e9l\u00e9phone<\/li>\r\n                <li>Am\u00e9liorer les recommandations et la clart\u00e9 du tableau de bord<\/li>\r\n                <li>\u00c9tendre la pond\u00e9ration interne des signaux de fraude<\/li>\r\n                <li>Int\u00e9grer des marchands pilotes et recueillir des \u00e9tudes de cas<\/li>\r\n              <\/ul>\r\n            <\/article>\r\n\r\n            <article class=\"dpd-roadmap-card\">\r\n              <div class=\"dpd-roadmap-card-top\">\r\n                <span class=\"dpd-roadmap-quarter\">Q4<\/span>\r\n                <span class=\"dpd-roadmap-status\">Pr\u00e9vu<\/span>\r\n              <\/div>\r\n              <h4>Pr\u00e9paration op\u00e9rationnelle<\/h4>\r\n              <ul>\r\n                <li>Lancer les imports de donn\u00e9es historiques CSV\/XLSX<\/li>\r\n                <li>Ajouter des outils de recherche et d\u2019analyse en masse<\/li>\r\n                <li>Am\u00e9liorer la pr\u00e9cision du scoring gr\u00e2ce aux retours r\u00e9els des marchands<\/li>\r\n                <li>Renforcer les workflows d\u2019int\u00e9gration et de gestion des comptes<\/li>\r\n                <li>Pr\u00e9parer les premiers t\u00e9moignages de r\u00e9ussite publics<\/li>\r\n              <\/ul>\r\n            <\/article>\r\n\r\n          <\/div>\r\n        <\/div>\r\n      <\/section>\r\n\r\n      <!-- 2027 -->\r\n      <section class=\"dpd-roadmap-year\">\r\n        <div class=\"dpd-roadmap-year-side\">\r\n          <span class=\"dpd-roadmap-year-label\">2027<\/span>\r\n          <h3>Automatisation et mont\u00e9e en charge<\/h3>\r\n          <p>\r\n            R\u00e9duire l\u2019examen manuel, approfondir les int\u00e9grations et am\u00e9liorer la qualit\u00e9 de l\u2019intelligence entre les marchands.\r\n          <\/p>\r\n        <\/div>\r\n\r\n        <div class=\"dpd-roadmap-year-main\">\r\n          <div class=\"dpd-roadmap-quarter-grid quarter-grid-4\">\r\n\r\n            <article class=\"dpd-roadmap-card\">\r\n              <div class=\"dpd-roadmap-card-top\">\r\n                <span class=\"dpd-roadmap-quarter\">Q1<\/span>\r\n                <span class=\"dpd-roadmap-status\">Pr\u00e9vu<\/span>\r\n              <\/div>\r\n              <h4>Automatisation des workflows<\/h4>\r\n              <ul>\r\n                <li>Lancer des alertes de fraude automatis\u00e9es<\/li>\r\n                <li>Ajouter des recommandations intelligentes : v\u00e9rifier, examiner, exp\u00e9dier<\/li>\r\n                <li>Introduire une diminution du risque dans le temps<\/li>\r\n                <li>Am\u00e9liorer les flux d\u2019audit et de surveillance interne<\/li>\r\n              <\/ul>\r\n            <\/article>\r\n\r\n            <article class=\"dpd-roadmap-card\">\r\n              <div class=\"dpd-roadmap-card-top\">\r\n                <span class=\"dpd-roadmap-quarter\">Q2<\/span>\r\n                <span class=\"dpd-roadmap-status\">Pr\u00e9vu<\/span>\r\n              <\/div>\r\n              <h4>Int\u00e9grations e-commerce<\/h4>\r\n              <ul>\r\n                <li>Publier l\u2019int\u00e9gration Shopify<\/li>\r\n                <li>Publier l\u2019int\u00e9gration YouCan<\/li>\r\n                <li>Am\u00e9liorer l\u2019UX marchand c\u00f4t\u00e9 plugin<\/li>\r\n                <li>Am\u00e9liorer la synchronisation et la fiabilit\u00e9 des imports<\/li>\r\n              <\/ul>\r\n            <\/article>\r\n\r\n            <article class=\"dpd-roadmap-card\">\r\n              <div class=\"dpd-roadmap-card-top\">\r\n                <span class=\"dpd-roadmap-quarter\">Q3<\/span>\r\n                <span class=\"dpd-roadmap-status\">Pr\u00e9vu<\/span>\r\n              <\/div>\r\n              <h4>Expansion de l\u2019intelligence<\/h4>\r\n              <ul>\r\n                <li>Lancer la logique de pond\u00e9ration de confiance des marchands<\/li>\r\n                <li>Am\u00e9liorer la d\u00e9tection des sch\u00e9mas r\u00e9p\u00e9t\u00e9s<\/li>\r\n                <li>Optimiser le cache et les performances de recherche<\/li>\r\n                <li>\u00c9tendre les analyses pour les op\u00e9rations marchandes<\/li>\r\n              <\/ul>\r\n            <\/article>\r\n\r\n            <article class=\"dpd-roadmap-card\">\r\n              <div class=\"dpd-roadmap-card-top\">\r\n                <span class=\"dpd-roadmap-quarter\">Q4<\/span>\r\n                <span class=\"dpd-roadmap-status\">Pr\u00e9vu<\/span>\r\n              <\/div>\r\n              <h4>Pr\u00e9paration \u00e0 la mont\u00e9e en charge<\/h4>\r\n              <ul>\r\n                <li>Lancer des am\u00e9liorations API destin\u00e9es aux partenaires<\/li>\r\n                <li>Pr\u00e9parer les parcours d\u2019int\u00e9gration logistique et transporteur<\/li>\r\n                <li>Affiner l\u2019int\u00e9gration pour les grands marchands<\/li>\r\n                <li>Renforcer les rapports et les contr\u00f4les de compte<\/li>\r\n              <\/ul>\r\n            <\/article>\r\n\r\n          <\/div>\r\n        <\/div>\r\n      <\/section>\r\n\r\n      <!-- 2028 -->\r\n      <section class=\"dpd-roadmap-year\">\r\n        <div class=\"dpd-roadmap-year-side\">\r\n          <span class=\"dpd-roadmap-year-label\">2028<\/span>\r\n          <h3>Croissance de l\u2019\u00e9cosyst\u00e8me<\/h3>\r\n          <p>\r\n            Positionner DPD comme une infrastructure fiable de pr\u00e9vention de la fraude aupr\u00e8s de davantage de marchands, partenaires et r\u00e9gions.\r\n          <\/p>\r\n        <\/div>\r\n\r\n        <div class=\"dpd-roadmap-year-main\">\r\n          <div class=\"dpd-roadmap-quarter-grid quarter-grid-2\">\r\n\r\n            <article class=\"dpd-roadmap-card\">\r\n              <div class=\"dpd-roadmap-card-top\">\r\n                <span class=\"dpd-roadmap-quarter\">Q1<\/span>\r\n                <span class=\"dpd-roadmap-status\">Pr\u00e9vu<\/span>\r\n              <\/div>\r\n              <h4>Expansion r\u00e9gionale<\/h4>\r\n              <ul>\r\n                <li>Pr\u00e9parer la strat\u00e9gie de d\u00e9ploiement au-del\u00e0 du Maroc<\/li>\r\n                <li>\u00c9valuer les priorit\u00e9s pour l\u2019Alg\u00e9rie, la Tunisie et l\u2019\u00c9gypte<\/li>\r\n                <li>Adapter les mod\u00e8les de fraude aux nouveaux sch\u00e9mas de march\u00e9<\/li>\r\n              <\/ul>\r\n            <\/article>\r\n\r\n            <article class=\"dpd-roadmap-card is-vision\">\r\n              <div class=\"dpd-roadmap-card-top\">\r\n                <span class=\"dpd-roadmap-quarter\">Q2\u2013Q4<\/span>\r\n                <span class=\"dpd-roadmap-status is-vision\">Vision future<\/span>\r\n              <\/div>\r\n              <h4>Leadership de plateforme<\/h4>\r\n              <ul>\r\n                <li>Faire progresser les mod\u00e8les de scoring pr\u00e9dictif<\/li>\r\n                <li>Approfondir l\u2019intelligence de l\u2019\u00e9cosyst\u00e8me partenaire<\/li>\r\n                <li>\u00c9tendre les analyses marchandes et les workflows de confiance<\/li>\r\n                <li>Renforcer DPD comme couche d\u2019infrastructure anti-fraude r\u00e9utilisable<\/li>\r\n              <\/ul>\r\n            <\/article>\r\n\r\n          <\/div>\r\n        <\/div>\r\n      <\/section>\r\n\r\n    <\/div>\r\n  <\/div>\r\n<\/section>\r\n\r\n<style>\r\n@import url('https:\/\/fonts.googleapis.com\/css2?family=Inter:wght@400;500;600;700;800&family=JetBrains+Mono:wght@500;600&display=swap');\r\n\r\n.dpd-roadmap-section {\r\n  --dpd-primary: #0a2540;\r\n  --dpd-primary-2: #163a63;\r\n  --dpd-accent: #22d3ee;\r\n  --dpd-accent-soft: rgba(34, 211, 238, 0.12);\r\n  --dpd-success: #22c55e;\r\n  --dpd-success-soft: rgba(34, 197, 94, 0.12);\r\n  --dpd-dark: #020617;\r\n  --dpd-text: #0f172a;\r\n  --dpd-muted: #526071;\r\n  --dpd-line: rgba(10, 37, 64, 0.10);\r\n  --dpd-line-strong: rgba(10, 37, 64, 0.16);\r\n  --dpd-surface: rgba(255, 255, 255, 0.84);\r\n  --dpd-surface-solid: #ffffff;\r\n  --dpd-soft: #f4f9fc;\r\n  --dpd-bg:\r\n    radial-gradient(circle at top left, rgba(34, 211, 238, 0.09), transparent 28%),\r\n    radial-gradient(circle at top right, rgba(10, 37, 64, 0.07), transparent 26%),\r\n    linear-gradient(180deg, #f8fbff 0%, #eef6fb 100%);\r\n  --dpd-shadow-lg: 0 24px 70px rgba(2, 6, 23, 0.08);\r\n  --dpd-shadow-md: 0 14px 34px rgba(2, 6, 23, 0.06);\r\n  --dpd-shadow-sm: 0 10px 24px rgba(2, 6, 23, 0.05);\r\n\r\n  background: var(--dpd-bg);\r\n  padding: 56px 16px 80px;\r\n  font-family:\"Space Grotesk\",sans-serif;\r\n  color: var(--dpd-text);\r\n  overflow: hidden;\r\n}\r\n\r\n.dpd-roadmap-container {\r\n  max-width: 1280px;\r\n  margin: 0 auto;\r\n}\r\n\r\n.dpd-roadmap-header {\r\n  position: relative;\r\n  overflow: hidden;\r\n  background: linear-gradient(135deg, rgba(255,255,255,0.86), rgba(255,255,255,0.72));\r\n  border: 1px solid rgba(10, 37, 64, 0.08);\r\n  border-radius: 30px;\r\n  padding: 34px 34px 30px;\r\n  box-shadow: var(--dpd-shadow-lg);\r\n  backdrop-filter: blur(10px);\r\n  margin-bottom: 30px;\r\n}\r\n\r\n.dpd-roadmap-header::before {\r\n  content: \"\";\r\n  position: absolute;\r\n  top: -60px;\r\n  right: -50px;\r\n  width: 220px;\r\n  height: 220px;\r\n  border-radius: 50%;\r\n  background: radial-gradient(circle, rgba(34, 211, 238, 0.18) 0%, rgba(34, 211, 238, 0.02) 65%, transparent 72%);\r\n  pointer-events: none;\r\n}\r\n\r\n.dpd-roadmap-header-badge {\r\n  display: inline-flex;\r\n  align-items: center;\r\n  gap: 8px;\r\n  padding: 8px 14px;\r\n  border-radius: 999px;\r\n  background: var(--dpd-accent-soft);\r\n  color: var(--dpd-primary);\r\n  font-family:\"Space Grotesk\",sans-serif;\r\n  font-size: 12px;\r\n  font-weight: 600;\r\n  letter-spacing: 0.08em;\r\n  text-transform: uppercase;\r\n  margin-bottom: 14px;\r\n}\r\n\r\n.dpd-roadmap-header h2 {\r\n  font-family:\"Space Grotesk\",sans-serif;\r\n  margin: 0;\r\n  font-size: 52px;\r\n  line-height: 1.02;\r\n  letter-spacing: -0.045em;\r\n  color: var(--dpd-dark);\r\n  max-width: 900px;\r\n}\r\n\r\n.dpd-brand {\r\n  color: var(--dpd-primary);\r\n  font-weight: 800;\r\n}\r\n\r\n.dpd-roadmap-lead {\r\n  margin: 16px 0 0;\r\n  max-width: 860px;\r\n  font-size: 18px;\r\n  line-height: 1.9;\r\n  color: var(--dpd-muted);\r\n}\r\n\r\n.dpd-roadmap-note {\r\n  font-family:\"Space Grotesk\",sans-serif;\r\n  margin: 14px 0 0;\r\n  max-width: 900px;\r\n  font-size: 13px;\r\n  line-height: 1.7;\r\n  color: #64748b;\r\n}\r\n\r\n.dpd-roadmap-timeline {\r\n  display: grid;\r\n  gap: 28px;\r\n}\r\n\r\n.dpd-roadmap-year {\r\n  position: relative;\r\n  display: grid;\r\n  grid-template-columns: 280px minmax(0, 1fr);\r\n  gap: 24px;\r\n  background: linear-gradient(180deg, rgba(255,255,255,0.72), rgba(255,255,255,0.88));\r\n  border: 1px solid rgba(10, 37, 64, 0.08);\r\n  border-radius: 30px;\r\n  padding: 26px;\r\n  box-shadow: var(--dpd-shadow-md);\r\n  backdrop-filter: blur(10px);\r\n}\r\n\r\n.dpd-roadmap-year::before {\r\n  content: \"\";\r\n  position: absolute;\r\n  left: 280px;\r\n  top: 28px;\r\n  bottom: 28px;\r\n  width: 1px;\r\n  background: linear-gradient(180deg, rgba(10,37,64,0.12), rgba(10,37,64,0.03));\r\n}\r\n\r\n.dpd-roadmap-year-side {\r\n  position: relative;\r\n  padding-right: 18px;\r\n}\r\n\r\n.dpd-roadmap-year-label {\r\n  display: inline-flex;\r\n  align-items: center;\r\n  padding: 8px 13px;\r\n  border-radius: 999px;\r\n  background: rgba(10, 37, 64, 0.07);\r\n  color: var(--dpd-primary);\r\n  font-family: 'JetBrains Mono', monospace;\r\n  font-size: 12px;\r\n  font-weight: 600;\r\n  letter-spacing: 0.08em;\r\n  margin-bottom: 14px;\r\n}\r\n\r\n.dpd-roadmap-year-side h3 {\r\n  margin: 0;\r\n  font-size: 31px;\r\n  line-height: 1.12;\r\n  letter-spacing: -0.03em;\r\n  color: var(--dpd-dark);\r\n}\r\n\r\n.dpd-roadmap-year-side p {\r\n  margin: 12px 0 0;\r\n  font-size: 15px;\r\n  line-height: 1.85;\r\n  color: var(--dpd-muted);\r\n}\r\n\r\n.dpd-roadmap-year-main {\r\n  position: relative;\r\n  padding-left: 8px;\r\n}\r\n\r\n.dpd-roadmap-quarter-grid {\r\n  display: grid;\r\n  gap: 18px;\r\n}\r\n\r\n.quarter-grid-2 {\r\n  grid-template-columns: repeat(2, minmax(0, 1fr));\r\n}\r\n\r\n.quarter-grid-3 {\r\n  grid-template-columns: repeat(3, minmax(0, 1fr));\r\n}\r\n\r\n.quarter-grid-4 {\r\n  grid-template-columns: repeat(2, minmax(0, 1fr));\r\n}\r\n\r\n.dpd-roadmap-card {\r\n  position: relative;\r\n  overflow: hidden;\r\n  background: linear-gradient(180deg, rgba(255,255,255,0.98), rgba(249,252,254,0.98));\r\n  border: 1px solid var(--dpd-line);\r\n  border-radius: 24px;\r\n  padding: 20px 20px 18px;\r\n  box-shadow: var(--dpd-shadow-sm);\r\n  transition: transform .25s ease, box-shadow .25s ease, border-color .25s ease;\r\n}\r\n\r\n.dpd-roadmap-card:hover {\r\n  transform: translateY(-4px);\r\n  border-color: rgba(34, 211, 238, 0.35);\r\n  box-shadow: 0 20px 42px rgba(2, 6, 23, 0.08);\r\n}\r\n\r\n.dpd-roadmap-card.is-active {\r\n  border-color: rgba(34, 211, 238, 0.45);\r\n  box-shadow: 0 20px 46px rgba(34, 211, 238, 0.12);\r\n}\r\n\r\n.dpd-roadmap-card.is-active::before,\r\n.dpd-roadmap-card.is-vision::before {\r\n  content: \"\";\r\n  position: absolute;\r\n  inset: 0 0 auto 0;\r\n  height: 4px;\r\n  border-radius: 24px 24px 0 0;\r\n}\r\n\r\n.dpd-roadmap-card.is-active::before {\r\n  background: linear-gradient(90deg, var(--dpd-accent), var(--dpd-success));\r\n}\r\n\r\n.dpd-roadmap-card.is-vision::before {\r\n  background: linear-gradient(90deg, #38bdf8, #818cf8);\r\n}\r\n\r\n.dpd-roadmap-card-top {\r\n  display: flex;\r\n  align-items: center;\r\n  justify-content: space-between;\r\n  gap: 12px;\r\n  margin-bottom: 14px;\r\n}\r\n\r\n.dpd-roadmap-quarter {\r\n  display: inline-flex;\r\n  align-items: center;\r\n  font-family: 'JetBrains Mono', monospace;\r\n  font-size: 12px;\r\n  font-weight: 600;\r\n  color: var(--dpd-primary);\r\n  letter-spacing: 0.08em;\r\n  text-transform: uppercase;\r\n}\r\n\r\n.dpd-roadmap-status {\r\n  display: inline-flex;\r\n  align-items: center;\r\n  padding: 6px 11px;\r\n  border-radius: 999px;\r\n  background: rgba(10, 37, 64, 0.06);\r\n  color: var(--dpd-muted);\r\n  font-size: 12px;\r\n  font-weight: 700;\r\n  white-space: nowrap;\r\n}\r\n\r\n.dpd-roadmap-status.is-current {\r\n  background: var(--dpd-success-soft);\r\n  color: #15803d;\r\n}\r\n\r\n.dpd-roadmap-status.is-vision {\r\n  background: rgba(99, 102, 241, 0.10);\r\n  color: #4f46e5;\r\n}\r\n\r\n.dpd-roadmap-card h4 {\r\n  margin: 0 0 12px;\r\n  font-size: 22px;\r\n  line-height: 1.2;\r\n  letter-spacing: -0.02em;\r\n  color: var(--dpd-dark);\r\n}\r\n\r\n.dpd-roadmap-card ul {\r\n  margin: 0;\r\n  padding: 0 0 0 18px;\r\n}\r\n\r\n.dpd-roadmap-card li {\r\n  margin-bottom: 10px;\r\n  font-size: 15px;\r\n  line-height: 1.8;\r\n  color: var(--dpd-text);\r\n}\r\n\r\n.dpd-roadmap-card li:last-child {\r\n  margin-bottom: 0;\r\n}\r\n\r\n@media (max-width: 1180px) {\r\n  .dpd-roadmap-year {\r\n    grid-template-columns: 1fr;\r\n  }\r\n\r\n  .dpd-roadmap-year::before {\r\n    display: none;\r\n  }\r\n\r\n  .dpd-roadmap-year-side {\r\n    padding-right: 0;\r\n    padding-bottom: 4px;\r\n  }\r\n\r\n  .dpd-roadmap-year-main {\r\n    padding-left: 0;\r\n  }\r\n\r\n  .quarter-grid-3,\r\n  .quarter-grid-4 {\r\n    grid-template-columns: repeat(2, minmax(0, 1fr));\r\n  }\r\n}\r\n\r\n@media (max-width: 860px) {\r\n  .dpd-roadmap-section {\r\n    padding: 34px 12px 52px;\r\n  }\r\n\r\n  .dpd-roadmap-header {\r\n    padding: 24px 18px 22px;\r\n    border-radius: 22px;\r\n    margin-bottom: 22px;\r\n  }\r\n\r\n  .dpd-roadmap-header h2 {\r\n    font-size: 36px;\r\n    line-height: 1.06;\r\n  }\r\n\r\n  .dpd-roadmap-lead {\r\n    font-size: 15px;\r\n    line-height: 1.8;\r\n  }\r\n\r\n  .dpd-roadmap-note {\r\n    font-size: 12px;\r\n    line-height: 1.65;\r\n  }\r\n\r\n  .dpd-roadmap-year {\r\n    padding: 18px;\r\n    border-radius: 22px;\r\n    gap: 18px;\r\n  }\r\n\r\n  .dpd-roadmap-year-side h3 {\r\n    font-size: 24px;\r\n  }\r\n\r\n  .dpd-roadmap-year-side p {\r\n    font-size: 14px;\r\n    line-height: 1.75;\r\n  }\r\n\r\n  .quarter-grid-2,\r\n  .quarter-grid-3,\r\n  .quarter-grid-4 {\r\n    grid-template-columns: 1fr;\r\n  }\r\n\r\n  .dpd-roadmap-card {\r\n    padding: 18px 16px;\r\n    border-radius: 18px;\r\n  }\r\n\r\n  .dpd-roadmap-card::before,\r\n  .dpd-roadmap-card.is-active::before,\r\n  .dpd-roadmap-card.is-vision::before {\r\n    border-radius: 18px 18px 0 0;\r\n  }\r\n\r\n  .dpd-roadmap-card h4 {\r\n    font-size: 19px;\r\n  }\r\n\r\n  .dpd-roadmap-card li {\r\n    font-size: 14px;\r\n    line-height: 1.72;\r\n  }\r\n}\r\n\r\n@media (max-width: 480px) {\r\n  .dpd-roadmap-header-badge,\r\n  .dpd-roadmap-year-label,\r\n  .dpd-roadmap-quarter,\r\n  .dpd-roadmap-status {\r\n    font-size: 11px;\r\n  }\r\n\r\n  .dpd-roadmap-card-top {\r\n    align-items: flex-start;\r\n    flex-direction: column;\r\n  }\r\n}\r\n<\/style>\t\t\t\t<\/div>\n\t\t\t\t<\/div>\n\t\t\t\t<\/div>\n\t\t","protected":false},"excerpt":{"rendered":"<p>Feuille de route produit Feuille de route DPD Trust Une feuille de route pratique pour construire une infrastructure fiable de pr\u00e9vention de la fraude destin\u00e9e aux marchands e-commerce, en commen\u00e7ant par des outils op\u00e9rationnels solides, des int\u00e9grations fiables et une intelligence du risque \u00e9volutive. Cette feuille de route refl\u00e8te l\u2019orientation et les priorit\u00e9s actuelles. Les [&hellip;]<\/p>\n","protected":false},"author":1,"featured_media":2069,"parent":0,"menu_order":0,"comment_status":"closed","ping_status":"closed","template":"","meta":{"site-sidebar-layout":"no-sidebar","site-content-layout":"page-builder","ast-site-content-layout":"full-width-container","site-content-style":"default","site-sidebar-style":"default","ast-global-header-display":"","ast-banner-title-visibility":"","ast-main-header-display":"","ast-hfb-above-header-display":"","ast-hfb-below-header-display":"","ast-hfb-mobile-header-display":"","site-post-title":"disabled","ast-breadcrumbs-content":"","ast-featured-img":"disabled","footer-sml-layout":"","ast-disable-related-posts":"","theme-transparent-header-meta":"default","adv-header-id-meta":"","stick-header-meta":"","header-above-stick-meta":"","header-main-stick-meta":"","header-below-stick-meta":"","astra-migrate-meta-layouts":"default","ast-page-background-enabled":"default","ast-page-background-meta":{"desktop":{"background-color":"var(--ast-global-color-5)","background-image":"","background-repeat":"repeat","background-position":"center center","background-size":"auto","background-attachment":"scroll","background-type":"","background-media":"","overlay-type":"","overlay-color":"","overlay-opacity":"","overlay-gradient":""},"tablet":{"background-color":"","background-image":"","background-repeat":"repeat","background-position":"center center","background-size":"auto","background-attachment":"scroll","background-type":"","background-media":"","overlay-type":"","overlay-color":"","overlay-opacity":"","overlay-gradient":""},"mobile":{"background-color":"","background-image":"","background-repeat":"repeat","background-position":"center center","background-size":"auto","background-attachment":"scroll","background-type":"","background-media":"","overlay-type":"","overlay-color":"","overlay-opacity":"","overlay-gradient":""}},"ast-content-background-meta":{"desktop":{"background-color":"var(--ast-global-color-4)","background-image":"","background-repeat":"repeat","background-position":"center center","background-size":"auto","background-attachment":"scroll","background-type":"","background-media":"","overlay-type":"","overlay-color":"","overlay-opacity":"","overlay-gradient":""},"tablet":{"background-color":"var(--ast-global-color-4)","background-image":"","background-repeat":"repeat","background-position":"center center","background-size":"auto","background-attachment":"scroll","background-type":"","background-media":"","overlay-type":"","overlay-color":"","overlay-opacity":"","overlay-gradient":""},"mobile":{"background-color":"var(--ast-global-color-4)","background-image":"","background-repeat":"repeat","background-position":"center center","background-size":"auto","background-attachment":"scroll","background-type":"","background-media":"","overlay-type":"","overlay-color":"","overlay-opacity":"","overlay-gradient":""}},"footnotes":""},"class_list":["post-2092","page","type-page","status-publish","has-post-thumbnail","hentry"],"_links":{"self":[{"href":"https:\/\/dpd.ma\/fr\/wp-json\/wp\/v2\/pages\/2092","targetHints":{"allow":["GET"]}}],"collection":[{"href":"https:\/\/dpd.ma\/fr\/wp-json\/wp\/v2\/pages"}],"about":[{"href":"https:\/\/dpd.ma\/fr\/wp-json\/wp\/v2\/types\/page"}],"author":[{"embeddable":true,"href":"https:\/\/dpd.ma\/fr\/wp-json\/wp\/v2\/users\/1"}],"replies":[{"embeddable":true,"href":"https:\/\/dpd.ma\/fr\/wp-json\/wp\/v2\/comments?post=2092"}],"version-history":[{"count":1,"href":"https:\/\/dpd.ma\/fr\/wp-json\/wp\/v2\/pages\/2092\/revisions"}],"predecessor-version":[{"id":2093,"href":"https:\/\/dpd.ma\/fr\/wp-json\/wp\/v2\/pages\/2092\/revisions\/2093"}],"wp:featuredmedia":[{"embeddable":true,"href":"https:\/\/dpd.ma\/fr\/wp-json\/wp\/v2\/media\/2069"}],"wp:attachment":[{"href":"https:\/\/dpd.ma\/fr\/wp-json\/wp\/v2\/media?parent=2092"}],"curies":[{"name":"wp","href":"https:\/\/api.w.org\/{rel}","templated":true}]}}